{"id":1946,"date":"2022-04-15T21:11:30","date_gmt":"2022-04-16T00:11:30","guid":{"rendered":"https:\/\/fatoelado.com\/?page_id=1946"},"modified":"2022-04-15T21:11:30","modified_gmt":"2022-04-16T00:11:30","slug":"anuncie-aqui-2","status":"publish","type":"page","link":"https:\/\/fatoelado.com\/?page_id=1946","title":{"rendered":"Anuncie aqui"},"content":{"rendered":"<p><strong>Anuncie<\/strong><\/p>\n<p>&nbsp;<\/p>\n<p>O fatoelado.com \u00e9 um portal de not\u00edcias, com informa\u00e7\u00f5es de servi\u00e7os online sobre a capital, regi\u00e3o e nacionais Se voc\u00ea possui uma empresa ou presta algum tipo de servi\u00e7o poder\u00e1 anunciar em nosso site seu com\u00e9rcio ou sua empresa, tudo isso, aliado a um baixo custo mensal. Voc\u00ea poder\u00e1 optar por um banner ou v\u00eddeos.<\/p>\n<p><strong>Porque Anunciar?<\/strong><\/p>\n<p>Cada vez mais a Internet se torna uma ferramenta essencial para a divulga\u00e7\u00e3o de empresas, produtos e servi\u00e7os, afinal \u00e9 milh\u00f5es de pessoas conectadas a web e a cada dia cresce o n\u00famero de consumidores on-line no Brasil, ou seja, pessoas que compram e pesquisam produtos e servi\u00e7os via Internet. Anunciando no fatoelado.com voc\u00ea estar\u00e1 a um passo dos seus clientes e consumidores. A Internet \u00e9 considerada uma das m\u00eddias mais importantes na atualidade.<\/p>\n<p><strong>Formatos dos An\u00fancios<\/strong><\/p>\n<p>Visando uma efic\u00e1cia na campanha de nossos anunciantes oferecemos os melhores formatos definidos pela nossa equipe que ficam localizados em \u00e1reas estrat\u00e9gicas do website, como por exemplo, a barra lateral, o topo da p\u00e1gina, o rodap\u00e9 da p\u00e1gina, etc. Os<\/p>\n<p><strong><img loading=\"lazy\" decoding=\"async\" class=\"alignnone size-full wp-image-1943\" src=\"http:\/\/fatoelado.com\/wp-content\/uploads\/2022\/04\/vertical-1.jpg\" alt=\"\" width=\"300\" height=\"600\" srcset=\"https:\/\/fatoelado.com\/wp-content\/uploads\/2022\/04\/vertical-1.jpg 300w, https:\/\/fatoelado.com\/wp-content\/uploads\/2022\/04\/vertical-1-150x300.jpg 150w\" sizes=\"auto, (max-width: 300px) 100vw, 300px\" \/><\/strong><\/p>\n<p>Banner Lateral<\/p>\n<p><strong><img loading=\"lazy\" decoding=\"async\" class=\"alignnone size-full wp-image-1947\" src=\"http:\/\/fatoelado.com\/wp-content\/uploads\/2022\/04\/Anuncie-aqui.png\" alt=\"\" width=\"389\" height=\"129\" srcset=\"https:\/\/fatoelado.com\/wp-content\/uploads\/2022\/04\/Anuncie-aqui.png 389w, https:\/\/fatoelado.com\/wp-content\/uploads\/2022\/04\/Anuncie-aqui-300x99.png 300w\" sizes=\"auto, (max-width: 389px) 100vw, 389px\" \/><\/strong><\/p>\n<p>Banner Central<\/p>\n<p><strong><img loading=\"lazy\" decoding=\"async\" class=\"alignnone size-full wp-image-1948\" src=\"http:\/\/fatoelado.com\/wp-content\/uploads\/2022\/04\/Anuncie-Aqui-1.png\" alt=\"\" width=\"960\" height=\"300\" srcset=\"https:\/\/fatoelado.com\/wp-content\/uploads\/2022\/04\/Anuncie-Aqui-1.png 960w, https:\/\/fatoelado.com\/wp-content\/uploads\/2022\/04\/Anuncie-Aqui-1-300x94.png 300w, https:\/\/fatoelado.com\/wp-content\/uploads\/2022\/04\/Anuncie-Aqui-1-768x240.png 768w\" sizes=\"auto, (max-width: 960px) 100vw, 960px\" \/><\/strong><\/p>\n<p>Banner Superior<\/p>\n<p><strong>Como Anunciar?<\/strong><\/p>\n<p>Entre em contato com a nossa equipe pelos contatos abaixo, nos passe algumas informa\u00e7\u00f5es b\u00e1sicas sobre a empresa ou servi\u00e7o prestado, o tipo de m\u00eddia que possui interesse que lhe retornaremos em no m\u00e1ximo 24 horas com a viabilidade, as condi\u00e7\u00f5es de m\u00eddia e os valores praticados.<\/p>\n<p><strong>E-mail:\u00a0<u><a href=\"mailto:portal@fatoelado.com\">portal@fatoelado.com<\/a><\/u>\u00a0\u2013\u00a0<u><a href=\"mailto:redacao@fatoelado.com\">redacao@fatoelado.com<\/a><\/u><\/strong><strong><\/p>\n<p><\/strong><\/p>\n","protected":false},"excerpt":{"rendered":"<p>Anuncie &nbsp; O fatoelado.com \u00e9 um portal de not\u00edcias, com informa\u00e7\u00f5es de servi\u00e7os online sobre a capital, regi\u00e3o e nacionais Se voc\u00ea possui uma empresa ou presta algum tipo de servi\u00e7o poder\u00e1 anunciar em nosso site seu com\u00e9rcio ou sua empresa, tudo isso, aliado a um baixo custo mensal. Voc\u00ea poder\u00e1 optar por um banner [&hellip;]<\/p>\n","protected":false},"author":1,"featured_media":0,"parent":0,"menu_order":0,"comment_status":"closed","ping_status":"closed","template":"","meta":{"om_disable_all_campaigns":false,"_monsterinsights_skip_tracking":false,"_monsterinsights_sitenote_active":false,"_monsterinsights_sitenote_note":"","_monsterinsights_sitenote_category":0,"footnotes":""},"class_list":["post-1946","page","type-page","status-publish","hentry"],"_links":{"self":[{"href":"https:\/\/fatoelado.com\/index.php?rest_route=\/wp\/v2\/pages\/1946","targetHints":{"allow":["GET"]}}],"collection":[{"href":"https:\/\/fatoelado.com\/index.php?rest_route=\/wp\/v2\/pages"}],"about":[{"href":"https:\/\/fatoelado.com\/index.php?rest_route=\/wp\/v2\/types\/page"}],"author":[{"embeddable":true,"href":"https:\/\/fatoelado.com\/index.php?rest_route=\/wp\/v2\/users\/1"}],"replies":[{"embeddable":true,"href":"https:\/\/fatoelado.com\/index.php?rest_route=%2Fwp%2Fv2%2Fcomments&post=1946"}],"version-history":[{"count":1,"href":"https:\/\/fatoelado.com\/index.php?rest_route=\/wp\/v2\/pages\/1946\/revisions"}],"predecessor-version":[{"id":1949,"href":"https:\/\/fatoelado.com\/index.php?rest_route=\/wp\/v2\/pages\/1946\/revisions\/1949"}],"wp:attachment":[{"href":"https:\/\/fatoelado.com\/index.php?rest_route=%2Fwp%2Fv2%2Fmedia&parent=1946"}],"curies":[{"name":"wp","href":"https:\/\/api.w.org\/{rel}","templated":true}]}}